{"id":2700,"date":"2022-09-30T17:00:12","date_gmt":"2022-09-30T15:00:12","guid":{"rendered":"https:\/\/www.ludivart.com\/?post_type=product&#038;p=2700"},"modified":"2022-09-30T17:16:48","modified_gmt":"2022-09-30T15:16:48","slug":"a4-encadre-la-france-de-zanella-14","status":"publish","type":"product","link":"https:\/\/www.ludivart.com\/index.php\/produit\/a4-encadre-la-france-de-zanella-14\/","title":{"rendered":"12 &#8211; AVEYRON &#8211; CORNUS &#8211; A4 ENCADR\u00c9 &#8220;LA FRANCE DE ZANELLA&#8221;"},"content":{"rendered":"<p>A4 ENCADR\u00c9 DE LA COLLECTION &#8220;LA FRANCE DE ZANELLA&#8221; &#8211; 12 &#8211; AVEYRON &#8211; CORNUS<\/p>\n<p>D\u00e9couvrez la collection &#8220;<strong>La France de L\u00e9on ZANELLA<\/strong>&#8220;. 122 \u0152uvres repr\u00e9sentants la France et ses DOM-TOM.<br \/>\nL&#8217;univers de l&#8217;Artiste vous fera voyager sur le Territoire de la R\u00e9publique fran\u00e7aise dans votre salon, bureau, chambre &#8230;<\/p>\n<p>\u00c9dition A4 encadr\u00e9e : &#8211; 12 &#8211; AVEYRON &#8211; CORNUS<\/p>\n<ul>\n<li>Mat\u00e9riel : Bois<\/li>\n<li>Dimensions photo : 21X29,7 cm (DIN A4)<\/li>\n<li>Couleur : Noir<\/li>\n<li>Verre : Clair<\/li>\n<li>A poser : Oui, horizontalement et verticalement<\/li>\n<li>Accrocher au mur : Oui, horizontalement et verticalement<\/li>\n<li>Poids de l&#8217;article : 0,548grammes<\/li>\n<li>Forme : rectangulaire<\/li>\n<li><span class=\"a-list-item\">INT\u00c9GRATION PARFAITE \u00c0 VOTRE D\u00c9CORATION INT\u00c9RIEURE<\/span><\/li>\n<\/ul>\n<p>&nbsp;<\/p>\n","protected":false},"excerpt":{"rendered":"<p>\u00c9dition A4 encadr\u00e9e imprim\u00e9 sur papier sup\u00e9rieur<br \/>\nTaille cadre : 210x297mm<br \/>\nMati\u00e8re : Cadre en bois Noir, verre<br \/>\nMode d&#8217;affichage : possibilit\u00e9 d&#8217;accrocher au mur ou sur un meuble<\/p>\n<p>Poids : 0,548grammes<\/p>\n","protected":false},"featured_media":2564,"template":"","meta":[],"product_cat":[44],"product_tag":[],"yoast_head":"<!-- This site is optimized with the Yoast SEO plugin v20.3 - https:\/\/yoast.com\/wordpress\/plugins\/seo\/ -->\n<title>12 - AVEYRON - CORNUS - A4 ENCADR\u00c9 &quot;LA FRANCE DE ZANELLA&quot; &mdash; Ludiv Art<\/title>\n<meta name=\"description\" content=\"Ludiv Art 12 - AVEYRON - CORNUS - A4 ENCADR\u00c9 &quot;LA FRANCE DE ZANELLA&quot; &mdash;\" \/>\n<meta name=\"robots\" content=\"index, follow, max-snippet:-1, max-image-preview:large, max-video-preview:-1\" \/>\n<link rel=\"canonical\" href=\"https:\/\/www.ludivart.com\/index.php\/produit\/a4-encadre-la-france-de-zanella-14\/\" \/>\n<meta property=\"og:locale\" content=\"fr_FR\" \/>\n<meta property=\"og:type\" content=\"article\" \/>\n<meta property=\"og:title\" content=\"12 - AVEYRON - CORNUS - A4 ENCADR\u00c9 &quot;LA FRANCE DE ZANELLA&quot; &mdash; Ludiv Art\" \/>\n<meta property=\"og:description\" content=\"Ludiv Art 12 - AVEYRON - CORNUS - A4 ENCADR\u00c9 &quot;LA FRANCE DE ZANELLA&quot; &mdash;\" \/>\n<meta property=\"og:url\" content=\"https:\/\/www.ludivart.com\/index.php\/produit\/a4-encadre-la-france-de-zanella-14\/\" \/>\n<meta property=\"og:site_name\" content=\"Ludiv Art\" \/>\n<meta property=\"article:publisher\" content=\"https:\/\/www.facebook.com\/Ludiv-Art-103870754908036\" \/>\n<meta property=\"article:modified_time\" content=\"2022-09-30T15:16:48+00:00\" \/>\n<meta property=\"og:image\" content=\"https:\/\/www.ludivart.com\/wp-content\/uploads\/2022\/09\/12-2.jpg\" \/>\n\t<meta property=\"og:image:width\" content=\"1240\" \/>\n\t<meta property=\"og:image:height\" content=\"1754\" \/>\n\t<meta property=\"og:image:type\" content=\"image\/jpeg\" \/>\n<meta name=\"twitter:card\" content=\"summary_large_image\" \/>\n<meta name=\"twitter:label1\" content=\"Dur\u00e9e de lecture estim\u00e9e\" \/>\n\t<meta name=\"twitter:data1\" content=\"1 minute\" \/>\n<script type=\"application\/ld+json\" class=\"yoast-schema-graph\">{\"@context\":\"https:\/\/schema.org\",\"@graph\":[{\"@type\":\"WebPage\",\"@id\":\"https:\/\/www.ludivart.com\/index.php\/produit\/a4-encadre-la-france-de-zanella-14\/\",\"url\":\"https:\/\/www.ludivart.com\/index.php\/produit\/a4-encadre-la-france-de-zanella-14\/\",\"name\":\"12 - AVEYRON - CORNUS - A4 ENCADR\u00c9 \\\"LA FRANCE DE ZANELLA\\\" &mdash; Ludiv Art\",\"isPartOf\":{\"@id\":\"https:\/\/www.ludivart.com\/#website\"},\"datePublished\":\"2022-09-30T15:00:12+00:00\",\"dateModified\":\"2022-09-30T15:16:48+00:00\",\"description\":\"Ludiv Art 12 - AVEYRON - CORNUS - A4 ENCADR\u00c9 \\\"LA FRANCE DE ZANELLA\\\" &mdash;\",\"breadcrumb\":{\"@id\":\"https:\/\/www.ludivart.com\/index.php\/produit\/a4-encadre-la-france-de-zanella-14\/#breadcrumb\"},\"inLanguage\":\"fr-FR\",\"potentialAction\":[{\"@type\":\"ReadAction\",\"target\":[\"https:\/\/www.ludivart.com\/index.php\/produit\/a4-encadre-la-france-de-zanella-14\/\"]}]},{\"@type\":\"BreadcrumbList\",\"@id\":\"https:\/\/www.ludivart.com\/index.php\/produit\/a4-encadre-la-france-de-zanella-14\/#breadcrumb\",\"itemListElement\":[{\"@type\":\"ListItem\",\"position\":1,\"name\":\"Accueil\",\"item\":\"https:\/\/www.ludivart.com\/\"},{\"@type\":\"ListItem\",\"position\":2,\"name\":\"Boutique\",\"item\":\"https:\/\/www.ludivart.com\/index.php\/boutique\/\"},{\"@type\":\"ListItem\",\"position\":3,\"name\":\"12 &#8211; AVEYRON &#8211; CORNUS &#8211; A4 ENCADR\u00c9 &#8220;LA FRANCE DE ZANELLA&#8221;\"}]},{\"@type\":\"WebSite\",\"@id\":\"https:\/\/www.ludivart.com\/#website\",\"url\":\"https:\/\/www.ludivart.com\/\",\"name\":\"Ludiv Art\",\"description\":\"Collection d&#039;exception \",\"publisher\":{\"@id\":\"https:\/\/www.ludivart.com\/#organization\"},\"potentialAction\":[{\"@type\":\"SearchAction\",\"target\":{\"@type\":\"EntryPoint\",\"urlTemplate\":\"https:\/\/www.ludivart.com\/?s={search_term_string}\"},\"query-input\":\"required name=search_term_string\"}],\"inLanguage\":\"fr-FR\"},{\"@type\":\"Organization\",\"@id\":\"https:\/\/www.ludivart.com\/#organization\",\"name\":\"Ludiv Art\",\"url\":\"https:\/\/www.ludivart.com\/\",\"logo\":{\"@type\":\"ImageObject\",\"inLanguage\":\"fr-FR\",\"@id\":\"https:\/\/www.ludivart.com\/#\/schema\/logo\/image\/\",\"url\":\"https:\/\/www.ludivart.com\/wp-content\/uploads\/2021\/08\/Def-Logo-Ludiv-Art.jpg\",\"contentUrl\":\"https:\/\/www.ludivart.com\/wp-content\/uploads\/2021\/08\/Def-Logo-Ludiv-Art.jpg\",\"width\":500,\"height\":500,\"caption\":\"Ludiv Art\"},\"image\":{\"@id\":\"https:\/\/www.ludivart.com\/#\/schema\/logo\/image\/\"},\"sameAs\":[\"https:\/\/www.facebook.com\/Ludiv-Art-103870754908036\",\"https:\/\/www.instagram.com\/ludivart\/?hl=fr\"]}]}<\/script>\n<!-- \/ Yoast SEO plugin. -->","yoast_head_json":{"title":"12 - AVEYRON - CORNUS - A4 ENCADR\u00c9 \"LA FRANCE DE ZANELLA\" &mdash; Ludiv Art","description":"Ludiv Art 12 - AVEYRON - CORNUS - A4 ENCADR\u00c9 \"LA FRANCE DE ZANELLA\" &mdash;","robots":{"index":"index","follow":"follow","max-snippet":"max-snippet:-1","max-image-preview":"max-image-preview:large","max-video-preview":"max-video-preview:-1"},"canonical":"https:\/\/www.ludivart.com\/index.php\/produit\/a4-encadre-la-france-de-zanella-14\/","og_locale":"fr_FR","og_type":"article","og_title":"12 - AVEYRON - CORNUS - A4 ENCADR\u00c9 \"LA FRANCE DE ZANELLA\" &mdash; Ludiv Art","og_description":"Ludiv Art 12 - AVEYRON - CORNUS - A4 ENCADR\u00c9 \"LA FRANCE DE ZANELLA\" &mdash;","og_url":"https:\/\/www.ludivart.com\/index.php\/produit\/a4-encadre-la-france-de-zanella-14\/","og_site_name":"Ludiv Art","article_publisher":"https:\/\/www.facebook.com\/Ludiv-Art-103870754908036","article_modified_time":"2022-09-30T15:16:48+00:00","og_image":[{"width":1240,"height":1754,"url":"https:\/\/www.ludivart.com\/wp-content\/uploads\/2022\/09\/12-2.jpg","type":"image\/jpeg"}],"twitter_card":"summary_large_image","twitter_misc":{"Dur\u00e9e de lecture estim\u00e9e":"1 minute"},"schema":{"@context":"https:\/\/schema.org","@graph":[{"@type":"WebPage","@id":"https:\/\/www.ludivart.com\/index.php\/produit\/a4-encadre-la-france-de-zanella-14\/","url":"https:\/\/www.ludivart.com\/index.php\/produit\/a4-encadre-la-france-de-zanella-14\/","name":"12 - AVEYRON - CORNUS - A4 ENCADR\u00c9 \"LA FRANCE DE ZANELLA\" &mdash; Ludiv Art","isPartOf":{"@id":"https:\/\/www.ludivart.com\/#website"},"datePublished":"2022-09-30T15:00:12+00:00","dateModified":"2022-09-30T15:16:48+00:00","description":"Ludiv Art 12 - AVEYRON - CORNUS - A4 ENCADR\u00c9 \"LA FRANCE DE ZANELLA\" &mdash;","breadcrumb":{"@id":"https:\/\/www.ludivart.com\/index.php\/produit\/a4-encadre-la-france-de-zanella-14\/#breadcrumb"},"inLanguage":"fr-FR","potentialAction":[{"@type":"ReadAction","target":["https:\/\/www.ludivart.com\/index.php\/produit\/a4-encadre-la-france-de-zanella-14\/"]}]},{"@type":"BreadcrumbList","@id":"https:\/\/www.ludivart.com\/index.php\/produit\/a4-encadre-la-france-de-zanella-14\/#breadcrumb","itemListElement":[{"@type":"ListItem","position":1,"name":"Accueil","item":"https:\/\/www.ludivart.com\/"},{"@type":"ListItem","position":2,"name":"Boutique","item":"https:\/\/www.ludivart.com\/index.php\/boutique\/"},{"@type":"ListItem","position":3,"name":"12 &#8211; AVEYRON &#8211; CORNUS &#8211; A4 ENCADR\u00c9 &#8220;LA FRANCE DE ZANELLA&#8221;"}]},{"@type":"WebSite","@id":"https:\/\/www.ludivart.com\/#website","url":"https:\/\/www.ludivart.com\/","name":"Ludiv Art","description":"Collection d&#039;exception ","publisher":{"@id":"https:\/\/www.ludivart.com\/#organization"},"potentialAction":[{"@type":"SearchAction","target":{"@type":"EntryPoint","urlTemplate":"https:\/\/www.ludivart.com\/?s={search_term_string}"},"query-input":"required name=search_term_string"}],"inLanguage":"fr-FR"},{"@type":"Organization","@id":"https:\/\/www.ludivart.com\/#organization","name":"Ludiv Art","url":"https:\/\/www.ludivart.com\/","logo":{"@type":"ImageObject","inLanguage":"fr-FR","@id":"https:\/\/www.ludivart.com\/#\/schema\/logo\/image\/","url":"https:\/\/www.ludivart.com\/wp-content\/uploads\/2021\/08\/Def-Logo-Ludiv-Art.jpg","contentUrl":"https:\/\/www.ludivart.com\/wp-content\/uploads\/2021\/08\/Def-Logo-Ludiv-Art.jpg","width":500,"height":500,"caption":"Ludiv Art"},"image":{"@id":"https:\/\/www.ludivart.com\/#\/schema\/logo\/image\/"},"sameAs":["https:\/\/www.facebook.com\/Ludiv-Art-103870754908036","https:\/\/www.instagram.com\/ludivart\/?hl=fr"]}]}},"_links":{"self":[{"href":"https:\/\/www.ludivart.com\/index.php\/wp-json\/wp\/v2\/product\/2700"}],"collection":[{"href":"https:\/\/www.ludivart.com\/index.php\/wp-json\/wp\/v2\/product"}],"about":[{"href":"https:\/\/www.ludivart.com\/index.php\/wp-json\/wp\/v2\/types\/product"}],"wp:featuredmedia":[{"embeddable":true,"href":"https:\/\/www.ludivart.com\/index.php\/wp-json\/wp\/v2\/media\/2564"}],"wp:attachment":[{"href":"https:\/\/www.ludivart.com\/index.php\/wp-json\/wp\/v2\/media?parent=2700"}],"wp:term":[{"taxonomy":"product_cat","embeddable":true,"href":"https:\/\/www.ludivart.com\/index.php\/wp-json\/wp\/v2\/product_cat?post=2700"},{"taxonomy":"product_tag","embeddable":true,"href":"https:\/\/www.ludivart.com\/index.php\/wp-json\/wp\/v2\/product_tag?post=2700"}],"curies":[{"name":"wp","href":"https:\/\/api.w.org\/{rel}","templated":true}]}}