{"id":2139,"date":"2022-08-30T14:48:54","date_gmt":"2022-08-30T12:48:54","guid":{"rendered":"https:\/\/www.ludivart.com\/?page_id=2139"},"modified":"2022-09-15T17:55:36","modified_gmt":"2022-09-15T15:55:36","slug":"leon-zanella","status":"publish","type":"page","link":"https:\/\/www.ludivart.com\/index.php\/leon-zanella\/","title":{"rendered":"L\u00c9ON ZANELLA"},"content":{"rendered":"\t\t<div data-elementor-type=\"wp-page\" data-elementor-id=\"2139\" class=\"elementor elementor-2139\">\n\t\t\t\t\t\t<section class=\"elementor-section elementor-top-section elementor-element elementor-element-a9b420e elementor-section-boxed elementor-section-height-default elementor-section-height-default\" data-id=\"a9b420e\" data-element_type=\"section\">\n\t\t\t\t\t\t<div class=\"elementor-container elementor-column-gap-default\">\n\t\t\t\t\t<div class=\"elementor-column elementor-col-100 elementor-top-column elementor-element elementor-element-8670ffa\" data-id=\"8670ffa\" data-element_type=\"column\">\n\t\t\t<div class=\"elementor-widget-wrap elementor-element-populated\">\n\t\t\t\t\t\t<div class=\"elementor-element elementor-element-8c3bb9c elementor-widget elementor-widget-spacer\" data-id=\"8c3bb9c\" data-element_type=\"widget\" data-widget_type=\"spacer.default\">\n\t\t\t\t<div class=\"elementor-widget-container\">\n\t\t\t\t\t<div class=\"elementor-spacer\">\n\t\t\t<div class=\"elementor-spacer-inner\"><\/div>\n\t\t<\/div>\n\t\t\t\t<\/div>\n\t\t\t\t<\/div>\n\t\t\t\t\t<\/div>\n\t\t<\/div>\n\t\t\t\t\t<\/div>\n\t\t<\/section>\n\t\t\t\t<section class=\"elementor-section elementor-top-section elementor-element elementor-element-c911045 elementor-section-boxed elementor-section-height-default elementor-section-height-default\" data-id=\"c911045\" data-element_type=\"section\">\n\t\t\t\t\t\t<div class=\"elementor-container elementor-column-gap-default\">\n\t\t\t\t\t<div class=\"elementor-column elementor-col-100 elementor-top-column elementor-element elementor-element-fbcf45b\" data-id=\"fbcf45b\" data-element_type=\"column\">\n\t\t\t<div class=\"elementor-widget-wrap elementor-element-populated\">\n\t\t\t\t\t\t<div class=\"elementor-element elementor-element-a84066f elementor-widget elementor-widget-heading\" data-id=\"a84066f\" data-element_type=\"widget\" data-widget_type=\"heading.default\">\n\t\t\t\t<div class=\"elementor-widget-container\">\n\t\t\t<h1 class=\"elementor-heading-title elementor-size-large\">L\u00c9ON ZANELLA<\/h1>\t\t<\/div>\n\t\t\t\t<\/div>\n\t\t\t\t\t<\/div>\n\t\t<\/div>\n\t\t\t\t\t<\/div>\n\t\t<\/section>\n\t\t\t\t<section class=\"elementor-section elementor-top-section elementor-element elementor-element-59444f6 elementor-section-boxed elementor-section-height-default elementor-section-height-default\" data-id=\"59444f6\" data-element_type=\"section\">\n\t\t\t\t\t\t<div class=\"elementor-container elementor-column-gap-default\">\n\t\t\t\t\t<div class=\"elementor-column elementor-col-100 elementor-top-column elementor-element elementor-element-75d881c\" data-id=\"75d881c\" data-element_type=\"column\">\n\t\t\t<div class=\"elementor-widget-wrap elementor-element-populated\">\n\t\t\t\t\t\t<div class=\"elementor-element elementor-element-37d4a0c elementor-widget elementor-widget-spacer\" data-id=\"37d4a0c\" data-element_type=\"widget\" data-widget_type=\"spacer.default\">\n\t\t\t\t<div class=\"elementor-widget-container\">\n\t\t\t\t\t<div class=\"elementor-spacer\">\n\t\t\t<div class=\"elementor-spacer-inner\"><\/div>\n\t\t<\/div>\n\t\t\t\t<\/div>\n\t\t\t\t<\/div>\n\t\t\t\t\t<\/div>\n\t\t<\/div>\n\t\t\t\t\t<\/div>\n\t\t<\/section>\n\t\t\t\t<section class=\"elementor-section elementor-top-section elementor-element elementor-element-ff62e20 elementor-section-boxed elementor-section-height-default elementor-section-height-default\" data-id=\"ff62e20\" data-element_type=\"section\">\n\t\t\t\t\t\t<div class=\"elementor-container elementor-column-gap-default\">\n\t\t\t\t\t<div class=\"elementor-column elementor-col-50 elementor-top-column elementor-element elementor-element-63e3006\" data-id=\"63e3006\" data-element_type=\"column\">\n\t\t\t<div class=\"elementor-widget-wrap elementor-element-populated\">\n\t\t\t\t\t\t<div class=\"elementor-element elementor-element-8a43300 elementor-widget elementor-widget-text-editor\" data-id=\"8a43300\" data-element_type=\"widget\" data-widget_type=\"text-editor.default\">\n\t\t\t\t<div class=\"elementor-widget-container\">\n\t\t\t\t\t\t\t<div>L&#8217;artiste peintre L\u00e9on Zanella, est n\u00e9 le 8 octobre 1956 \u00e0 Marseille. Il r\u00e9side et r\u00e9alise ses \u0153uvres \u00e0 Vaison-la-Romaine.<\/div><div>Il dessinait avant de savoir \u00e9crire et r\u00e9alise sa 1\u00e8re exposition \u00e0 l&#8217;\u00e2ge de 15 ans \u00e0 la mairie de B\u00e9doin.<\/div>\t\t\t\t\t\t<\/div>\n\t\t\t\t<\/div>\n\t\t\t\t\t<\/div>\n\t\t<\/div>\n\t\t\t\t<div class=\"elementor-column elementor-col-50 elementor-top-column elementor-element elementor-element-ad04d6f\" data-id=\"ad04d6f\" data-element_type=\"column\">\n\t\t\t<div class=\"elementor-widget-wrap elementor-element-populated\">\n\t\t\t\t\t\t<div class=\"elementor-element elementor-element-5ca632d elementor-widget elementor-widget-image\" data-id=\"5ca632d\" data-element_type=\"widget\" data-widget_type=\"image.default\">\n\t\t\t\t<div class=\"elementor-widget-container\">\n\t\t\t\t\t\t\t\t\t\t\t\t\t<img fetchpriority=\"high\" width=\"1024\" height=\"683\" src=\"https:\/\/www.ludivart.com\/wp-content\/uploads\/2021\/08\/Leon-Zanella-Credit-photo-Van-Son-HUYNH-02-3.jpg\" class=\"attachment-large size-large wp-image-2025\" alt=\"\" srcset=\"https:\/\/www.ludivart.com\/wp-content\/uploads\/2021\/08\/Leon-Zanella-Credit-photo-Van-Son-HUYNH-02-3.jpg 2500w, https:\/\/www.ludivart.com\/wp-content\/uploads\/2021\/08\/Leon-Zanella-Credit-photo-Van-Son-HUYNH-02-3-300x200.jpg 300w, https:\/\/www.ludivart.com\/wp-content\/uploads\/2021\/08\/Leon-Zanella-Credit-photo-Van-Son-HUYNH-02-3-600x400.jpg 600w\" sizes=\"(max-width: 1024px) 100vw, 1024px\" \/>\t\t\t\t\t\t\t\t\t\t\t\t\t<\/div>\n\t\t\t\t<\/div>\n\t\t\t\t\t<\/div>\n\t\t<\/div>\n\t\t\t\t\t<\/div>\n\t\t<\/section>\n\t\t\t\t<section class=\"elementor-section elementor-top-section elementor-element elementor-element-e230a6d elementor-section-boxed elementor-section-height-default elementor-section-height-default\" data-id=\"e230a6d\" data-element_type=\"section\">\n\t\t\t\t\t\t<div class=\"elementor-container elementor-column-gap-default\">\n\t\t\t\t\t<div class=\"elementor-column elementor-col-100 elementor-top-column elementor-element elementor-element-4c5b0a2\" data-id=\"4c5b0a2\" data-element_type=\"column\">\n\t\t\t<div class=\"elementor-widget-wrap elementor-element-populated\">\n\t\t\t\t\t\t<div class=\"elementor-element elementor-element-a0be6c7 elementor-widget elementor-widget-spacer\" data-id=\"a0be6c7\" data-element_type=\"widget\" data-widget_type=\"spacer.default\">\n\t\t\t\t<div class=\"elementor-widget-container\">\n\t\t\t\t\t<div class=\"elementor-spacer\">\n\t\t\t<div class=\"elementor-spacer-inner\"><\/div>\n\t\t<\/div>\n\t\t\t\t<\/div>\n\t\t\t\t<\/div>\n\t\t\t\t\t<\/div>\n\t\t<\/div>\n\t\t\t\t\t<\/div>\n\t\t<\/section>\n\t\t\t\t<section class=\"elementor-section elementor-top-section elementor-element elementor-element-85d72cd elementor-section-boxed elementor-section-height-default elementor-section-height-default\" data-id=\"85d72cd\" data-element_type=\"section\">\n\t\t\t\t\t\t<div class=\"elementor-container elementor-column-gap-default\">\n\t\t\t\t\t<div class=\"elementor-column elementor-col-50 elementor-top-column elementor-element elementor-element-a6f2fde\" data-id=\"a6f2fde\" data-element_type=\"column\">\n\t\t\t<div class=\"elementor-widget-wrap elementor-element-populated\">\n\t\t\t\t\t\t<div class=\"elementor-element elementor-element-b5e4cb0 elementor-widget elementor-widget-image\" data-id=\"b5e4cb0\" data-element_type=\"widget\" data-widget_type=\"image.default\">\n\t\t\t\t<div class=\"elementor-widget-container\">\n\t\t\t\t\t\t\t\t\t\t\t\t\t<img width=\"529\" height=\"749\" src=\"https:\/\/www.ludivart.com\/wp-content\/uploads\/2021\/07\/SIGNATURE-LEON.jpg\" class=\"attachment-large size-large wp-image-1659\" alt=\"\" srcset=\"https:\/\/www.ludivart.com\/wp-content\/uploads\/2021\/07\/SIGNATURE-LEON.jpg 529w, https:\/\/www.ludivart.com\/wp-content\/uploads\/2021\/07\/SIGNATURE-LEON-300x425.jpg 300w, https:\/\/www.ludivart.com\/wp-content\/uploads\/2021\/07\/SIGNATURE-LEON-212x300.jpg 212w\" sizes=\"(max-width: 529px) 100vw, 529px\" \/>\t\t\t\t\t\t\t\t\t\t\t\t\t<\/div>\n\t\t\t\t<\/div>\n\t\t\t\t\t<\/div>\n\t\t<\/div>\n\t\t\t\t<div class=\"elementor-column elementor-col-50 elementor-top-column elementor-element elementor-element-d475cd7\" data-id=\"d475cd7\" data-element_type=\"column\">\n\t\t\t<div class=\"elementor-widget-wrap elementor-element-populated\">\n\t\t\t\t\t\t<div class=\"elementor-element elementor-element-c090f70 elementor-widget elementor-widget-text-editor\" data-id=\"c090f70\" data-element_type=\"widget\" data-widget_type=\"text-editor.default\">\n\t\t\t\t<div class=\"elementor-widget-container\">\n\t\t\t\t\t\t\t<div>L\u00e9on Zanella est un homme qui s&#8217;exprime \u00e0 travers ses \u0153uvres.<\/div><div>D\u00e9couvert par Emmanuel David en 1980, il \u00e9volue au rythme de la musique que lui transmet la Nature.<\/div><div>Il vient de terminer une collection unique de 122 tableaux repr\u00e9sentant, les d\u00e9partements de France et ses d\u00e9partements outre-mers.<\/div><div>Une r\u00e9trospective de la beaut\u00e9 de notre Terre.<\/div>\t\t\t\t\t\t<\/div>\n\t\t\t\t<\/div>\n\t\t\t\t\t<\/div>\n\t\t<\/div>\n\t\t\t\t\t<\/div>\n\t\t<\/section>\n\t\t\t\t<section class=\"elementor-section elementor-top-section elementor-element elementor-element-d73648a elementor-section-boxed elementor-section-height-default elementor-section-height-default\" data-id=\"d73648a\" data-element_type=\"section\">\n\t\t\t\t\t\t<div class=\"elementor-container elementor-column-gap-default\">\n\t\t\t\t\t<div class=\"elementor-column elementor-col-100 elementor-top-column elementor-element elementor-element-68ff62a\" data-id=\"68ff62a\" data-element_type=\"column\">\n\t\t\t<div class=\"elementor-widget-wrap elementor-element-populated\">\n\t\t\t\t\t\t<div class=\"elementor-element elementor-element-43be88a elementor-widget elementor-widget-spacer\" data-id=\"43be88a\" data-element_type=\"widget\" data-widget_type=\"spacer.default\">\n\t\t\t\t<div class=\"elementor-widget-container\">\n\t\t\t\t\t<div class=\"elementor-spacer\">\n\t\t\t<div class=\"elementor-spacer-inner\"><\/div>\n\t\t<\/div>\n\t\t\t\t<\/div>\n\t\t\t\t<\/div>\n\t\t\t\t\t<\/div>\n\t\t<\/div>\n\t\t\t\t\t<\/div>\n\t\t<\/section>\n\t\t\t\t<section class=\"elementor-section elementor-top-section elementor-element elementor-element-91d13f7 elementor-section-boxed elementor-section-height-default elementor-section-height-default\" data-id=\"91d13f7\" data-element_type=\"section\">\n\t\t\t\t\t\t<div class=\"elementor-container elementor-column-gap-default\">\n\t\t\t\t\t<div class=\"elementor-column elementor-col-100 elementor-top-column elementor-element elementor-element-fb07ff6\" data-id=\"fb07ff6\" data-element_type=\"column\">\n\t\t\t<div class=\"elementor-widget-wrap elementor-element-populated\">\n\t\t\t\t\t\t<div class=\"elementor-element elementor-element-b9898a8 elementor-align-center elementor-widget elementor-widget-button\" data-id=\"b9898a8\" data-element_type=\"widget\" data-widget_type=\"button.default\">\n\t\t\t\t<div class=\"elementor-widget-container\">\n\t\t\t\t\t<div class=\"elementor-button-wrapper\">\n\t\t\t<a class=\"elementor-button elementor-button-link elementor-size-lg\" href=\"https:\/\/www.ludivart.com\/wp-content\/uploads\/2022\/08\/Presentation-FR-LL-ZANELLA-220711.pdf\" target=\"_blank\">\n\t\t\t\t\t\t<span class=\"elementor-button-content-wrapper\">\n\t\t\t\t\t\t<span class=\"elementor-button-icon\">\n\t\t\t\t<i aria-hidden=\"true\" class=\"icon icon-Download\"><\/i>\t\t\t<\/span>\n\t\t\t\t\t\t\t\t\t<span class=\"elementor-button-text\">Pr\u00e9sentation de L\u00e9on ZANELLA<\/span>\n\t\t\t\t\t<\/span>\n\t\t\t\t\t<\/a>\n\t\t<\/div>\n\t\t\t\t<\/div>\n\t\t\t\t<\/div>\n\t\t\t\t\t<\/div>\n\t\t<\/div>\n\t\t\t\t\t<\/div>\n\t\t<\/section>\n\t\t\t\t<section class=\"elementor-section elementor-top-section elementor-element elementor-element-600808e elementor-section-boxed elementor-section-height-default elementor-section-height-default\" data-id=\"600808e\" data-element_type=\"section\">\n\t\t\t\t\t\t<div class=\"elementor-container elementor-column-gap-default\">\n\t\t\t\t\t<div class=\"elementor-column elementor-col-100 elementor-top-column elementor-element elementor-element-16ee368\" data-id=\"16ee368\" data-element_type=\"column\">\n\t\t\t<div class=\"elementor-widget-wrap elementor-element-populated\">\n\t\t\t\t\t\t<div class=\"elementor-element elementor-element-f6180ae elementor-widget elementor-widget-spacer\" data-id=\"f6180ae\" data-element_type=\"widget\" data-widget_type=\"spacer.default\">\n\t\t\t\t<div class=\"elementor-widget-container\">\n\t\t\t\t\t<div class=\"elementor-spacer\">\n\t\t\t<div class=\"elementor-spacer-inner\"><\/div>\n\t\t<\/div>\n\t\t\t\t<\/div>\n\t\t\t\t<\/div>\n\t\t\t\t\t<\/div>\n\t\t<\/div>\n\t\t\t\t\t<\/div>\n\t\t<\/section>\n\t\t\t\t<section class=\"elementor-section elementor-top-section elementor-element elementor-element-d8d65e9 elementor-section-boxed elementor-section-height-default elementor-section-height-default\" data-id=\"d8d65e9\" data-element_type=\"section\">\n\t\t\t\t\t\t<div class=\"elementor-container elementor-column-gap-default\">\n\t\t\t\t\t<div class=\"elementor-column elementor-col-100 elementor-top-column elementor-element elementor-element-f17b471\" data-id=\"f17b471\" data-element_type=\"column\">\n\t\t\t<div class=\"elementor-widget-wrap elementor-element-populated\">\n\t\t\t\t\t\t<div class=\"elementor-element elementor-element-5e999a6 elementor-widget elementor-widget-text-editor\" data-id=\"5e999a6\" data-element_type=\"widget\" data-widget_type=\"text-editor.default\">\n\t\t\t\t<div class=\"elementor-widget-container\">\n\t\t\t\t\t\t\t<p>D\u00e9sirant rendre accessible l&#8217;art de L\u00e9on Zanella \u00e0 tous , nous vous proposons ses \u0153uvres <br \/>dans une palette vari\u00e9e suivant vos envies :<\/p><p>Poster , A4 , Velin , Digigraphie<\/p>\t\t\t\t\t\t<\/div>\n\t\t\t\t<\/div>\n\t\t\t\t\t<\/div>\n\t\t<\/div>\n\t\t\t\t\t<\/div>\n\t\t<\/section>\n\t\t\t\t<\/div>\n\t\t","protected":false},"excerpt":{"rendered":"<p>L\u00c9ON ZANELLA L&#8217;artiste peintre L\u00e9on Zanella, est n\u00e9 le 8 octobre 1956 \u00e0 Marseille. Il r\u00e9side et r\u00e9alise ses \u0153uvres \u00e0 Vaison-la-Romaine.Il dessinait avant de savoir \u00e9crire et r\u00e9alise sa 1\u00e8re exposition \u00e0 l&#8217;\u00e2ge de 15 ans \u00e0 la mairie de B\u00e9doin. L\u00e9on Zanella est un homme qui s&#8217;exprime \u00e0 travers ses \u0153uvres.D\u00e9couvert par Emmanuel [&hellip;]<\/p>\n","protected":false},"author":1,"featured_media":0,"parent":0,"menu_order":0,"comment_status":"closed","ping_status":"closed","template":"","meta":[],"yoast_head":"<!-- This site is optimized with the Yoast SEO plugin v20.3 - https:\/\/yoast.com\/wordpress\/plugins\/seo\/ -->\n<title>L\u00c9ON ZANELLA &mdash; Ludiv Art<\/title>\n<meta name=\"description\" content=\"Art, Collection, Tableau, Digigraphie, L\u00e9on Zanella, Lumineux, Passion, Monde, Toiles, \u0152uvre, \u0152uvres d&#039;art, \u00e9motion, Vaison la Romaine, Louis Gille, D\u00e9fiscalisation, d\u00e9fiscalisation oeuvre, Toulouse\" \/>\n<meta name=\"robots\" content=\"index, follow, max-snippet:-1, max-image-preview:large, max-video-preview:-1\" \/>\n<link rel=\"canonical\" href=\"https:\/\/www.ludivart.com\/index.php\/leon-zanella\/\" \/>\n<meta property=\"og:locale\" content=\"fr_FR\" \/>\n<meta property=\"og:type\" content=\"article\" \/>\n<meta property=\"og:title\" content=\"L\u00c9ON ZANELLA &mdash; Ludiv Art\" \/>\n<meta property=\"og:description\" content=\"Art, Collection, Tableau, Digigraphie, L\u00e9on Zanella, Lumineux, Passion, Monde, Toiles, \u0152uvre, \u0152uvres d&#039;art, \u00e9motion, Vaison la Romaine, Louis Gille, D\u00e9fiscalisation, d\u00e9fiscalisation oeuvre, Toulouse\" \/>\n<meta property=\"og:url\" content=\"https:\/\/www.ludivart.com\/index.php\/leon-zanella\/\" \/>\n<meta property=\"og:site_name\" content=\"Ludiv Art\" \/>\n<meta property=\"article:publisher\" content=\"https:\/\/www.facebook.com\/Ludiv-Art-103870754908036\" \/>\n<meta property=\"article:modified_time\" content=\"2022-09-15T15:55:36+00:00\" \/>\n<meta property=\"og:image\" content=\"https:\/\/www.ludivart.com\/wp-content\/uploads\/2021\/08\/Leon-Zanella-Credit-photo-Van-Son-HUYNH-02-3-1024x683.jpg\" \/>\n<meta name=\"twitter:card\" content=\"summary_large_image\" \/>\n<meta name=\"twitter:label1\" content=\"Dur\u00e9e de lecture estim\u00e9e\" \/>\n\t<meta name=\"twitter:data1\" content=\"2 minutes\" \/>\n<script type=\"application\/ld+json\" class=\"yoast-schema-graph\">{\"@context\":\"https:\/\/schema.org\",\"@graph\":[{\"@type\":\"WebPage\",\"@id\":\"https:\/\/www.ludivart.com\/index.php\/leon-zanella\/\",\"url\":\"https:\/\/www.ludivart.com\/index.php\/leon-zanella\/\",\"name\":\"L\u00c9ON ZANELLA &mdash; Ludiv Art\",\"isPartOf\":{\"@id\":\"https:\/\/www.ludivart.com\/#website\"},\"datePublished\":\"2022-08-30T12:48:54+00:00\",\"dateModified\":\"2022-09-15T15:55:36+00:00\",\"description\":\"Art, Collection, Tableau, Digigraphie, L\u00e9on Zanella, Lumineux, Passion, Monde, Toiles, \u0152uvre, \u0152uvres d'art, \u00e9motion, Vaison la Romaine, Louis Gille, D\u00e9fiscalisation, d\u00e9fiscalisation oeuvre, Toulouse\",\"breadcrumb\":{\"@id\":\"https:\/\/www.ludivart.com\/index.php\/leon-zanella\/#breadcrumb\"},\"inLanguage\":\"fr-FR\",\"potentialAction\":[{\"@type\":\"ReadAction\",\"target\":[\"https:\/\/www.ludivart.com\/index.php\/leon-zanella\/\"]}]},{\"@type\":\"BreadcrumbList\",\"@id\":\"https:\/\/www.ludivart.com\/index.php\/leon-zanella\/#breadcrumb\",\"itemListElement\":[{\"@type\":\"ListItem\",\"position\":1,\"name\":\"Accueil\",\"item\":\"https:\/\/www.ludivart.com\/\"},{\"@type\":\"ListItem\",\"position\":2,\"name\":\"L\u00c9ON ZANELLA\"}]},{\"@type\":\"WebSite\",\"@id\":\"https:\/\/www.ludivart.com\/#website\",\"url\":\"https:\/\/www.ludivart.com\/\",\"name\":\"Ludiv Art\",\"description\":\"Collection d&#039;exception \",\"publisher\":{\"@id\":\"https:\/\/www.ludivart.com\/#organization\"},\"potentialAction\":[{\"@type\":\"SearchAction\",\"target\":{\"@type\":\"EntryPoint\",\"urlTemplate\":\"https:\/\/www.ludivart.com\/?s={search_term_string}\"},\"query-input\":\"required name=search_term_string\"}],\"inLanguage\":\"fr-FR\"},{\"@type\":\"Organization\",\"@id\":\"https:\/\/www.ludivart.com\/#organization\",\"name\":\"Ludiv Art\",\"url\":\"https:\/\/www.ludivart.com\/\",\"logo\":{\"@type\":\"ImageObject\",\"inLanguage\":\"fr-FR\",\"@id\":\"https:\/\/www.ludivart.com\/#\/schema\/logo\/image\/\",\"url\":\"https:\/\/www.ludivart.com\/wp-content\/uploads\/2021\/08\/Def-Logo-Ludiv-Art.jpg\",\"contentUrl\":\"https:\/\/www.ludivart.com\/wp-content\/uploads\/2021\/08\/Def-Logo-Ludiv-Art.jpg\",\"width\":500,\"height\":500,\"caption\":\"Ludiv Art\"},\"image\":{\"@id\":\"https:\/\/www.ludivart.com\/#\/schema\/logo\/image\/\"},\"sameAs\":[\"https:\/\/www.facebook.com\/Ludiv-Art-103870754908036\",\"https:\/\/www.instagram.com\/ludivart\/?hl=fr\"]}]}<\/script>\n<!-- \/ Yoast SEO plugin. -->","yoast_head_json":{"title":"L\u00c9ON ZANELLA &mdash; Ludiv Art","description":"Art, Collection, Tableau, Digigraphie, L\u00e9on Zanella, Lumineux, Passion, Monde, Toiles, \u0152uvre, \u0152uvres d'art, \u00e9motion, Vaison la Romaine, Louis Gille, D\u00e9fiscalisation, d\u00e9fiscalisation oeuvre, Toulouse","robots":{"index":"index","follow":"follow","max-snippet":"max-snippet:-1","max-image-preview":"max-image-preview:large","max-video-preview":"max-video-preview:-1"},"canonical":"https:\/\/www.ludivart.com\/index.php\/leon-zanella\/","og_locale":"fr_FR","og_type":"article","og_title":"L\u00c9ON ZANELLA &mdash; Ludiv Art","og_description":"Art, Collection, Tableau, Digigraphie, L\u00e9on Zanella, Lumineux, Passion, Monde, Toiles, \u0152uvre, \u0152uvres d'art, \u00e9motion, Vaison la Romaine, Louis Gille, D\u00e9fiscalisation, d\u00e9fiscalisation oeuvre, Toulouse","og_url":"https:\/\/www.ludivart.com\/index.php\/leon-zanella\/","og_site_name":"Ludiv Art","article_publisher":"https:\/\/www.facebook.com\/Ludiv-Art-103870754908036","article_modified_time":"2022-09-15T15:55:36+00:00","og_image":[{"url":"https:\/\/www.ludivart.com\/wp-content\/uploads\/2021\/08\/Leon-Zanella-Credit-photo-Van-Son-HUYNH-02-3-1024x683.jpg"}],"twitter_card":"summary_large_image","twitter_misc":{"Dur\u00e9e de lecture estim\u00e9e":"2 minutes"},"schema":{"@context":"https:\/\/schema.org","@graph":[{"@type":"WebPage","@id":"https:\/\/www.ludivart.com\/index.php\/leon-zanella\/","url":"https:\/\/www.ludivart.com\/index.php\/leon-zanella\/","name":"L\u00c9ON ZANELLA &mdash; Ludiv Art","isPartOf":{"@id":"https:\/\/www.ludivart.com\/#website"},"datePublished":"2022-08-30T12:48:54+00:00","dateModified":"2022-09-15T15:55:36+00:00","description":"Art, Collection, Tableau, Digigraphie, L\u00e9on Zanella, Lumineux, Passion, Monde, Toiles, \u0152uvre, \u0152uvres d'art, \u00e9motion, Vaison la Romaine, Louis Gille, D\u00e9fiscalisation, d\u00e9fiscalisation oeuvre, Toulouse","breadcrumb":{"@id":"https:\/\/www.ludivart.com\/index.php\/leon-zanella\/#breadcrumb"},"inLanguage":"fr-FR","potentialAction":[{"@type":"ReadAction","target":["https:\/\/www.ludivart.com\/index.php\/leon-zanella\/"]}]},{"@type":"BreadcrumbList","@id":"https:\/\/www.ludivart.com\/index.php\/leon-zanella\/#breadcrumb","itemListElement":[{"@type":"ListItem","position":1,"name":"Accueil","item":"https:\/\/www.ludivart.com\/"},{"@type":"ListItem","position":2,"name":"L\u00c9ON ZANELLA"}]},{"@type":"WebSite","@id":"https:\/\/www.ludivart.com\/#website","url":"https:\/\/www.ludivart.com\/","name":"Ludiv Art","description":"Collection d&#039;exception ","publisher":{"@id":"https:\/\/www.ludivart.com\/#organization"},"potentialAction":[{"@type":"SearchAction","target":{"@type":"EntryPoint","urlTemplate":"https:\/\/www.ludivart.com\/?s={search_term_string}"},"query-input":"required name=search_term_string"}],"inLanguage":"fr-FR"},{"@type":"Organization","@id":"https:\/\/www.ludivart.com\/#organization","name":"Ludiv Art","url":"https:\/\/www.ludivart.com\/","logo":{"@type":"ImageObject","inLanguage":"fr-FR","@id":"https:\/\/www.ludivart.com\/#\/schema\/logo\/image\/","url":"https:\/\/www.ludivart.com\/wp-content\/uploads\/2021\/08\/Def-Logo-Ludiv-Art.jpg","contentUrl":"https:\/\/www.ludivart.com\/wp-content\/uploads\/2021\/08\/Def-Logo-Ludiv-Art.jpg","width":500,"height":500,"caption":"Ludiv Art"},"image":{"@id":"https:\/\/www.ludivart.com\/#\/schema\/logo\/image\/"},"sameAs":["https:\/\/www.facebook.com\/Ludiv-Art-103870754908036","https:\/\/www.instagram.com\/ludivart\/?hl=fr"]}]}},"_links":{"self":[{"href":"https:\/\/www.ludivart.com\/index.php\/wp-json\/wp\/v2\/pages\/2139"}],"collection":[{"href":"https:\/\/www.ludivart.com\/index.php\/wp-json\/wp\/v2\/pages"}],"about":[{"href":"https:\/\/www.ludivart.com\/index.php\/wp-json\/wp\/v2\/types\/page"}],"author":[{"embeddable":true,"href":"https:\/\/www.ludivart.com\/index.php\/wp-json\/wp\/v2\/users\/1"}],"replies":[{"embeddable":true,"href":"https:\/\/www.ludivart.com\/index.php\/wp-json\/wp\/v2\/comments?post=2139"}],"version-history":[{"count":50,"href":"https:\/\/www.ludivart.com\/index.php\/wp-json\/wp\/v2\/pages\/2139\/revisions"}],"predecessor-version":[{"id":2886,"href":"https:\/\/www.ludivart.com\/index.php\/wp-json\/wp\/v2\/pages\/2139\/revisions\/2886"}],"wp:attachment":[{"href":"https:\/\/www.ludivart.com\/index.php\/wp-json\/wp\/v2\/media?parent=2139"}],"curies":[{"name":"wp","href":"https:\/\/api.w.org\/{rel}","templated":true}]}}